{"id":350,"date":"2025-12-12T17:21:03","date_gmt":"2025-12-12T17:21:03","guid":{"rendered":"https:\/\/basbeauty.es\/?page_id=350"},"modified":"2025-12-20T19:16:02","modified_gmt":"2025-12-20T19:16:02","slug":"depilacion","status":"publish","type":"page","link":"https:\/\/basbeauty.es\/index.php\/depilacion\/","title":{"rendered":"Depilacion"},"content":{"rendered":"\t\t<div data-elementor-type=\"wp-page\" data-elementor-id=\"350\" class=\"elementor elementor-350\" data-elementor-post-type=\"page\">\n\t\t\t\t<div class=\"elementor-element elementor-element-0eeec36 e-flex e-con-boxed e-con e-parent\" data-id=\"0eeec36\" data-element_type=\"container\" data-settings=\"{&quot;background_background&quot;:&quot;classic&quot;}\">\n\t\t\t\t\t<div class=\"e-con-inner\">\n\t\t\t\t<div class=\"elementor-element elementor-element-75607a0 elementor-widget elementor-widget-heading\" data-id=\"75607a0\" data-element_type=\"widget\" data-widget_type=\"heading.default\">\n\t\t\t\t\t<h2 class=\"elementor-heading-title elementor-size-default\">Depilaci\u00f3n<\/h2>\t\t\t\t<\/div>\n\t\t\t\t<div class=\"elementor-element elementor-element-1d14a65 elementor-widget elementor-widget-text-editor\" data-id=\"1d14a65\" data-element_type=\"widget\" data-widget_type=\"text-editor.default\">\n\t\t\t\t\t\t\t\t\t<p>Realzamos tu piel con una depilaci\u00f3n suave, precisa y duradera.<\/p>\t\t\t\t\t\t\t\t<\/div>\n\t\t\t\t\t<\/div>\n\t\t\t\t<\/div>\n\t\t<div class=\"elementor-element elementor-element-4a784d4 e-flex e-con-boxed e-con e-parent\" data-id=\"4a784d4\" data-element_type=\"container\">\n\t\t\t\t\t<div class=\"e-con-inner\">\n\t\t\t\t<div class=\"elementor-element elementor-element-34bea27 elementor-widget elementor-widget-spacer\" data-id=\"34bea27\" data-element_type=\"widget\" data-widget_type=\"spacer.default\">\n\t\t\t\t\t\t\t<div class=\"elementor-spacer\">\n\t\t\t<div class=\"elementor-spacer-inner\"><\/div>\n\t\t<\/div>\n\t\t\t\t\t\t<\/div>\n\t\t\t\t<div class=\"elementor-element elementor-element-1ade6cc elementor-widget elementor-widget-heading\" data-id=\"1ade6cc\" data-element_type=\"widget\" data-widget_type=\"heading.default\">\n\t\t\t\t\t<h2 class=\"elementor-heading-title elementor-size-default\">RECOMENDADO<\/h2>\t\t\t\t<\/div>\n\t\t\t\t\t<\/div>\n\t\t\t\t<\/div>\n\t\t<div class=\"elementor-element elementor-element-0128f10 e-flex e-con-boxed e-con e-parent\" data-id=\"0128f10\" data-element_type=\"container\" data-settings=\"{&quot;background_background&quot;:&quot;classic&quot;}\">\n\t\t\t\t\t<div class=\"e-con-inner\">\n\t\t<div class=\"elementor-element elementor-element-9ce5d1c e-con-full e-flex e-con e-child\" data-id=\"9ce5d1c\" data-element_type=\"container\" data-settings=\"{&quot;background_background&quot;:&quot;classic&quot;}\">\n\t\t<div class=\"elementor-element elementor-element-0373e25 e-con-full e-grid e-con e-child\" data-id=\"0373e25\" data-element_type=\"container\" data-settings=\"{&quot;background_background&quot;:&quot;classic&quot;,&quot;position&quot;:&quot;absolute&quot;}\">\n\t\t\t\t<div class=\"elementor-element elementor-element-962cce8 elementor-widget elementor-widget-heading\" data-id=\"962cce8\" data-element_type=\"widget\" data-widget_type=\"heading.default\">\n\t\t\t\t\t<h2 class=\"elementor-heading-title elementor-size-default\">Depilaci\u00f3n PIernas Completa<\/h2>\t\t\t\t<\/div>\n\t\t\t\t<div class=\"elementor-element elementor-element-8c70883 elementor-widget elementor-widget-heading\" data-id=\"8c70883\" data-element_type=\"widget\" data-widget_type=\"heading.default\">\n\t\t\t\t\t<h2 class=\"elementor-heading-title elementor-size-default\">Mujer \u00b7 30 min<\/h2>\t\t\t\t<\/div>\n\t\t\t\t<div class=\"elementor-element elementor-element-41361eb elementor-widget elementor-widget-text-editor\" data-id=\"41361eb\" data-element_type=\"widget\" data-widget_type=\"text-editor.default\">\n\t\t\t\t\t\t\t\t\t<p>Piel suave y uniforme con un tratamiento completo de depilaci\u00f3n en piernas.<\/p>\t\t\t\t\t\t\t\t<\/div>\n\t\t\t\t<\/div>\n\t\t\t\t<\/div>\n\t\t\t\t<div class=\"elementor-element elementor-element-9d7c071 elementor-widget elementor-widget-latepoint_book_button\" data-id=\"9d7c071\" data-element_type=\"widget\" data-widget_type=\"latepoint_book_button.default\">\n\t\t\t\t<div class=\"elementor-widget-container\">\n\t\t\t\t\t<div class=\"latepoint-book-button-wrapper elementor-button-wrapper\"><a href=\"#\" class=\"latepoint-book-button os_trigger_booking elementor-button elementor-button-link elementor-size-sm\" data-selected-agent=\"any\" data-selected-service=\"29\" data-hide-side-panel=\"no\" data-hide-summary=\"no\" >Reservar ahora<\/a><\/div>\t\t\t\t<\/div>\n\t\t\t\t<\/div>\n\t\t\t\t\t<\/div>\n\t\t\t\t<\/div>\n\t\t<div class=\"elementor-element elementor-element-0dd1e43 e-flex e-con-boxed e-con e-parent\" data-id=\"0dd1e43\" data-element_type=\"container\">\n\t\t\t\t\t<div class=\"e-con-inner\">\n\t\t\t\t<div class=\"elementor-element elementor-element-349ff5e elementor-widget elementor-widget-heading\" data-id=\"349ff5e\" data-element_type=\"widget\" data-widget_type=\"heading.default\">\n\t\t\t\t\t<h4 class=\"elementor-heading-title elementor-size-default\">Suavidad y Precisi\u00f3n<\/h4>\t\t\t\t<\/div>\n\t\t\t\t<div class=\"elementor-element elementor-element-e7e39a2 elementor-widget elementor-widget-heading\" data-id=\"e7e39a2\" data-element_type=\"widget\" data-widget_type=\"heading.default\">\n\t\t\t\t\t<h2 class=\"elementor-heading-title elementor-size-default\">Elegancia en la piel<\/h2>\t\t\t\t<\/div>\n\t\t\t\t<div class=\"elementor-element elementor-element-98c6ebe elementor-widget elementor-widget-text-editor\" data-id=\"98c6ebe\" data-element_type=\"widget\" data-widget_type=\"text-editor.default\">\n\t\t\t\t\t\t\t\t\t<p>Un tratamiento dise\u00f1ado para ofrecer una piel suave, uniforme y libre de vello, cuidando cada detalle para garantizar confort, precisi\u00f3n y un acabado impecable en toda la zona de las piernas.<\/p><p>Si la quieres m\u00e1s comercial, m\u00e1s t\u00e9cnica, o con un tono m\u00e1s sensual o m\u00e1s cl\u00ednico, te preparo otra versi\u00f3n sin problema.<\/p>\t\t\t\t\t\t\t\t<\/div>\n\t\t\t\t\t<\/div>\n\t\t\t\t<\/div>\n\t\t<div class=\"elementor-element elementor-element-b380341 e-flex e-con-boxed e-con e-parent\" data-id=\"b380341\" data-element_type=\"container\">\n\t\t\t\t\t<div class=\"e-con-inner\">\n\t\t\t\t<div class=\"elementor-element elementor-element-a19b541 elementor-widget elementor-widget-heading\" data-id=\"a19b541\" data-element_type=\"widget\" data-widget_type=\"heading.default\">\n\t\t\t\t\t<h2 class=\"elementor-heading-title elementor-size-default\">SERVICIOS<\/h2>\t\t\t\t<\/div>\n\t\t\t\t\t<\/div>\n\t\t\t\t<\/div>\n\t\t<div class=\"elementor-element elementor-element-1816625 e-flex e-con-boxed e-con e-parent\" data-id=\"1816625\" data-element_type=\"container\">\n\t\t\t\t\t<div class=\"e-con-inner\">\n\t\t<div class=\"elementor-element elementor-element-145fd39 e-con-full e-flex e-con e-child\" data-id=\"145fd39\" data-element_type=\"container\" data-settings=\"{&quot;background_background&quot;:&quot;gradient&quot;}\">\n\t\t\t\t<div class=\"elementor-element elementor-element-97efdc9 elementor-widget elementor-widget-heading\" data-id=\"97efdc9\" data-element_type=\"widget\" data-widget_type=\"heading.default\">\n\t\t\t\t\t<h2 class=\"elementor-heading-title elementor-size-default\">Con hilo<\/h2>\t\t\t\t<\/div>\n\t\t\t\t<div class=\"elementor-element elementor-element-5bf8dd4 elementor-widget elementor-widget-text-editor\" data-id=\"5bf8dd4\" data-element_type=\"widget\" data-widget_type=\"text-editor.default\">\n\t\t\t\t\t\t\t\t\t<ul><li>Entrecejo<\/li><li>Barbilla<\/li><li>Labio superior ment\u00f3n<\/li><li>Patillas<\/li><li>Facial completo<\/li><\/ul>\t\t\t\t\t\t\t\t<\/div>\n\t\t\t\t<div class=\"elementor-element elementor-element-f6e6466 elementor-align-justify elementor-widget elementor-widget-latepoint_book_button\" data-id=\"f6e6466\" data-element_type=\"widget\" data-widget_type=\"latepoint_book_button.default\">\n\t\t\t\t<div class=\"elementor-widget-container\">\n\t\t\t\t\t<div class=\"latepoint-book-button-wrapper elementor-button-wrapper\"><a href=\"#\" class=\"latepoint-book-button os_trigger_booking elementor-button elementor-button-link elementor-size-sm\" data-selected-agent=\"any\" data-selected-service-category=\"3\" data-hide-side-panel=\"no\" data-hide-summary=\"no\" >Ver servicios con hilo<\/a><\/div>\t\t\t\t<\/div>\n\t\t\t\t<\/div>\n\t\t\t\t<div class=\"elementor-element elementor-element-b841cc2 elementor-widget elementor-widget-heading\" data-id=\"b841cc2\" data-element_type=\"widget\" data-widget_type=\"heading.default\">\n\t\t\t\t\t<h2 class=\"elementor-heading-title elementor-size-default\">L\u00e1ser<\/h2>\t\t\t\t<\/div>\n\t\t\t\t<div class=\"elementor-element elementor-element-b23e3e6 elementor-widget elementor-widget-text-editor\" data-id=\"b23e3e6\" data-element_type=\"widget\" data-widget_type=\"text-editor.default\">\n\t\t\t\t\t\t\t\t\t<ul><li>Consular zonas<\/li><\/ul>\t\t\t\t\t\t\t\t<\/div>\n\t\t\t\t<\/div>\n\t\t<div class=\"elementor-element elementor-element-956289b e-con-full e-flex e-con e-child\" data-id=\"956289b\" data-element_type=\"container\" data-settings=\"{&quot;background_background&quot;:&quot;gradient&quot;}\">\n\t\t\t\t<div class=\"elementor-element elementor-element-9f3b10f elementor-widget elementor-widget-heading\" data-id=\"9f3b10f\" data-element_type=\"widget\" data-widget_type=\"heading.default\">\n\t\t\t\t\t<h2 class=\"elementor-heading-title elementor-size-default\">Con cera<\/h2>\t\t\t\t<\/div>\n\t\t\t\t<div class=\"elementor-element elementor-element-ac58574 elementor-widget elementor-widget-text-editor\" data-id=\"ac58574\" data-element_type=\"widget\" data-widget_type=\"text-editor.default\">\n\t\t\t\t\t\t\t\t\t<ul><li>Entrecejo<br \/>Labio superior<\/li><li>Barbilla-ment\u00f3n<\/li><li>Axilas<\/li><li>Brazos<\/li><li>Piernas Ingles<\/li><li>Dep. Brasile\u00f1a<\/li><li>Zona perianal<\/li><li>Espalda\/pecho<\/li><\/ul>\t\t\t\t\t\t\t\t<\/div>\n\t\t\t\t<div class=\"elementor-element elementor-element-ff029f9 elementor-align-justify elementor-widget elementor-widget-latepoint_book_button\" data-id=\"ff029f9\" data-element_type=\"widget\" data-widget_type=\"latepoint_book_button.default\">\n\t\t\t\t<div class=\"elementor-widget-container\">\n\t\t\t\t\t<div class=\"latepoint-book-button-wrapper elementor-button-wrapper\"><a href=\"#\" class=\"latepoint-book-button os_trigger_booking elementor-button elementor-button-link elementor-size-sm\" data-selected-agent=\"any\" data-selected-service-category=\"4\" data-hide-side-panel=\"no\" data-hide-summary=\"no\" >Ver servicios con cera<\/a><\/div>\t\t\t\t<\/div>\n\t\t\t\t<\/div>\n\t\t\t\t<\/div>\n\t\t\t\t\t<\/div>\n\t\t\t\t<\/div>\n\t\t<div class=\"elementor-element elementor-element-104d83c e-flex e-con-boxed e-con e-parent\" data-id=\"104d83c\" data-element_type=\"container\">\n\t\t\t\t\t<div class=\"e-con-inner\">\n\t\t\t\t\t<\/div>\n\t\t\t\t<\/div>\n\t\t<div class=\"elementor-element elementor-element-a2df696 e-flex e-con-boxed e-con e-parent\" data-id=\"a2df696\" data-element_type=\"container\">\n\t\t\t\t\t<div class=\"e-con-inner\">\n\t\t\t\t<div class=\"elementor-element elementor-element-da7a77d elementor-widget elementor-widget-heading\" data-id=\"da7a77d\" data-element_type=\"widget\" data-widget_type=\"heading.default\">\n\t\t\t\t\t<h2 class=\"elementor-heading-title elementor-size-default\">Tambi\u00e9n te podr\u00eda interesar<\/h2>\t\t\t\t<\/div>\n\t\t\t\t<div class=\"elementor-element elementor-element-1f87f0c elementor-grid-3 elementor-grid-tablet-2 elementor-grid-mobile-1 elementor-posts--thumbnail-top elementor-card-shadow-yes elementor-posts__hover-gradient elementor-widget elementor-widget-posts\" data-id=\"1f87f0c\" data-element_type=\"widget\" data-settings=\"{&quot;cards_columns&quot;:&quot;3&quot;,&quot;cards_columns_tablet&quot;:&quot;2&quot;,&quot;cards_columns_mobile&quot;:&quot;1&quot;,&quot;cards_row_gap&quot;:{&quot;unit&quot;:&quot;px&quot;,&quot;size&quot;:35,&quot;sizes&quot;:[]},&quot;cards_row_gap_tablet&quot;:{&quot;unit&quot;:&quot;px&quot;,&quot;size&quot;:&quot;&quot;,&quot;sizes&quot;:[]},&quot;cards_row_gap_mobile&quot;:{&quot;unit&quot;:&quot;px&quot;,&quot;size&quot;:&quot;&quot;,&quot;sizes&quot;:[]}}\" data-widget_type=\"posts.cards\">\n\t\t\t\t<div class=\"elementor-widget-container\">\n\t\t\t\t\t\t\t<div class=\"elementor-posts-container elementor-posts elementor-posts--skin-cards elementor-grid\" role=\"list\">\n\t\t\t\t<article class=\"elementor-post elementor-grid-item post-350 page type-page status-publish has-post-thumbnail hentry\" role=\"listitem\">\n\t\t\t<div class=\"elementor-post__card\">\n\t\t\t\t<a class=\"elementor-post__thumbnail__link\" href=\"https:\/\/basbeauty.es\/index.php\/depilacion\/\" tabindex=\"-1\" ><div class=\"elementor-post__thumbnail\"><img fetchpriority=\"high\" decoding=\"async\" width=\"300\" height=\"200\" src=\"https:\/\/basbeauty.es\/wp-content\/uploads\/2025\/12\/img-Beneficios-de-la-depilacion-con-cera-Medellin-300x200.jpg\" class=\"attachment-medium size-medium wp-image-327\" alt=\"\" srcset=\"https:\/\/basbeauty.es\/wp-content\/uploads\/2025\/12\/img-Beneficios-de-la-depilacion-con-cera-Medellin-300x200.jpg 300w, https:\/\/basbeauty.es\/wp-content\/uploads\/2025\/12\/img-Beneficios-de-la-depilacion-con-cera-Medellin.jpg 600w\" sizes=\"(max-width: 300px) 100vw, 300px\" \/><\/div><\/a>\n\t\t\t\t<div class=\"elementor-post__text\">\n\t\t\t\t<h3 class=\"elementor-post__title\">\n\t\t\t<a href=\"https:\/\/basbeauty.es\/index.php\/depilacion\/\" >\n\t\t\t\tDepilacion\t\t\t<\/a>\n\t\t<\/h3>\n\t\t\t\t<div class=\"elementor-post__excerpt\">\n\t\t\t<p>Depilaci\u00f3n Realzamos tu p<\/p>\n\t\t<\/div>\n\t\t\n\t\t<a class=\"elementor-post__read-more\" href=\"https:\/\/basbeauty.es\/index.php\/depilacion\/\" aria-label=\"Read more about Depilacion\" tabindex=\"-1\" >\n\t\t\t\t\t<\/a>\n\n\t\t\t\t<\/div>\n\t\t\t\t\t<\/div>\n\t\t<\/article>\n\t\t\t\t<article class=\"elementor-post elementor-grid-item post-352 page type-page status-publish has-post-thumbnail hentry\" role=\"listitem\">\n\t\t\t<div class=\"elementor-post__card\">\n\t\t\t\t<a class=\"elementor-post__thumbnail__link\" href=\"https:\/\/basbeauty.es\/index.php\/cabeza-y-facial\/\" tabindex=\"-1\" ><div class=\"elementor-post__thumbnail\"><img decoding=\"async\" width=\"300\" height=\"300\" src=\"https:\/\/basbeauty.es\/wp-content\/uploads\/2025\/12\/benefits-of-korean-head-spa-2-700x700-1-300x300.jpg\" class=\"attachment-medium size-medium wp-image-328\" alt=\"\" srcset=\"https:\/\/basbeauty.es\/wp-content\/uploads\/2025\/12\/benefits-of-korean-head-spa-2-700x700-1-300x300.jpg 300w, https:\/\/basbeauty.es\/wp-content\/uploads\/2025\/12\/benefits-of-korean-head-spa-2-700x700-1-150x150.jpg 150w, https:\/\/basbeauty.es\/wp-content\/uploads\/2025\/12\/benefits-of-korean-head-spa-2-700x700-1.jpg 700w\" sizes=\"(max-width: 300px) 100vw, 300px\" \/><\/div><\/a>\n\t\t\t\t<div class=\"elementor-post__text\">\n\t\t\t\t<h3 class=\"elementor-post__title\">\n\t\t\t<a href=\"https:\/\/basbeauty.es\/index.php\/cabeza-y-facial\/\" >\n\t\t\t\tCapilar y facial\t\t\t<\/a>\n\t\t<\/h3>\n\t\t\t\t<div class=\"elementor-post__excerpt\">\n\t\t\t<p>CAPILAR Y FACIAL Armon\u00eda <\/p>\n\t\t<\/div>\n\t\t\n\t\t<a class=\"elementor-post__read-more\" href=\"https:\/\/basbeauty.es\/index.php\/cabeza-y-facial\/\" aria-label=\"Read more about Capilar y facial\" tabindex=\"-1\" >\n\t\t\t\t\t<\/a>\n\n\t\t\t\t<\/div>\n\t\t\t\t\t<\/div>\n\t\t<\/article>\n\t\t\t\t<article class=\"elementor-post elementor-grid-item post-332 page type-page status-publish has-post-thumbnail hentry\" role=\"listitem\">\n\t\t\t<div class=\"elementor-post__card\">\n\t\t\t\t<a class=\"elementor-post__thumbnail__link\" href=\"https:\/\/basbeauty.es\/index.php\/cejas-y-pestanas\/\" tabindex=\"-1\" ><div class=\"elementor-post__thumbnail\"><img decoding=\"async\" width=\"300\" height=\"169\" src=\"https:\/\/basbeauty.es\/wp-content\/uploads\/2025\/12\/human-hair-lash-made-of-300x169.jpg\" class=\"attachment-medium size-medium wp-image-325\" alt=\"\" srcset=\"https:\/\/basbeauty.es\/wp-content\/uploads\/2025\/12\/human-hair-lash-made-of-300x169.jpg 300w, https:\/\/basbeauty.es\/wp-content\/uploads\/2025\/12\/human-hair-lash-made-of-768x432.jpg 768w, https:\/\/basbeauty.es\/wp-content\/uploads\/2025\/12\/human-hair-lash-made-of.jpg 960w\" sizes=\"(max-width: 300px) 100vw, 300px\" \/><\/div><\/a>\n\t\t\t\t<div class=\"elementor-post__text\">\n\t\t\t\t<h3 class=\"elementor-post__title\">\n\t\t\t<a href=\"https:\/\/basbeauty.es\/index.php\/cejas-y-pestanas\/\" >\n\t\t\t\tCejas y Pesta\u00f1as\t\t\t<\/a>\n\t\t<\/h3>\n\t\t\t\t<div class=\"elementor-post__excerpt\">\n\t\t\t<p>Cejas y Pesta\u00f1as Belleza <\/p>\n\t\t<\/div>\n\t\t\n\t\t<a class=\"elementor-post__read-more\" href=\"https:\/\/basbeauty.es\/index.php\/cejas-y-pestanas\/\" aria-label=\"Read more about Cejas y Pesta\u00f1as\" tabindex=\"-1\" >\n\t\t\t\t\t<\/a>\n\n\t\t\t\t<\/div>\n\t\t\t\t\t<\/div>\n\t\t<\/article>\n\t\t\t\t<\/div>\n\t\t\n\t\t\t\t\t\t<\/div>\n\t\t\t\t<\/div>\n\t\t\t\t\t<\/div>\n\t\t\t\t<\/div>\n\t\t\t\t<\/div>\n\t\t","protected":false},"excerpt":{"rendered":"<p>Depilaci\u00f3n Realzamos tu piel con una depilaci\u00f3n suave,  [&hellip;]<\/p>\n","protected":false},"author":1,"featured_media":327,"parent":0,"menu_order":0,"comment_status":"closed","ping_status":"closed","template":"","meta":{"iawp_total_views":192,"footnotes":""},"class_list":["post-350","page","type-page","status-publish","has-post-thumbnail","hentry"],"_links":{"self":[{"href":"https:\/\/basbeauty.es\/index.php\/wp-json\/wp\/v2\/pages\/350","targetHints":{"allow":["GET"]}}],"collection":[{"href":"https:\/\/basbeauty.es\/index.php\/wp-json\/wp\/v2\/pages"}],"about":[{"href":"https:\/\/basbeauty.es\/index.php\/wp-json\/wp\/v2\/types\/page"}],"author":[{"embeddable":true,"href":"https:\/\/basbeauty.es\/index.php\/wp-json\/wp\/v2\/users\/1"}],"replies":[{"embeddable":true,"href":"https:\/\/basbeauty.es\/index.php\/wp-json\/wp\/v2\/comments?post=350"}],"version-history":[{"count":28,"href":"https:\/\/basbeauty.es\/index.php\/wp-json\/wp\/v2\/pages\/350\/revisions"}],"predecessor-version":[{"id":698,"href":"https:\/\/basbeauty.es\/index.php\/wp-json\/wp\/v2\/pages\/350\/revisions\/698"}],"wp:featuredmedia":[{"embeddable":true,"href":"https:\/\/basbeauty.es\/index.php\/wp-json\/wp\/v2\/media\/327"}],"wp:attachment":[{"href":"https:\/\/basbeauty.es\/index.php\/wp-json\/wp\/v2\/media?parent=350"}],"curies":[{"name":"wp","href":"https:\/\/api.w.org\/{rel}","templated":true}]}}